{"id":2502,"date":"2026-01-29T13:13:21","date_gmt":"2026-01-29T18:13:21","guid":{"rendered":"https:\/\/santo.edu.ec\/?page_id=2502"},"modified":"2026-02-05T09:30:49","modified_gmt":"2026-02-05T14:30:49","slug":"electrorecicla","status":"publish","type":"page","link":"https:\/\/santo.edu.ec\/index.php\/electrorecicla\/","title":{"rendered":"Electrorecicla"},"content":{"rendered":"\n<div style=\"font-family: Arial, sans-serif; background-color:#0a2f52; color:white; width:100%;\">\n\n    <!-- LOGOS -->\n    <div style=\"background-color:white; display:flex; justify-content:space-between; align-items:center; padding:20px; flex-wrap:wrap;\">\n        <img data-recalc-dims=\"1\" decoding=\"async\" src=\"https:\/\/i0.wp.com\/github.com\/edissonmauri-art\/electrorecicla\/raw\/fe7940ad1438536647840b71d3a24298d4429e13\/logo%20santo%20%281%29.png?w=750&#038;ssl=1\"\n             style=\"height:100px;\">\n\n        <img data-recalc-dims=\"1\" decoding=\"async\" src=\"https:\/\/i0.wp.com\/github.com\/edissonmauri-art\/electrorecicla\/raw\/d4b6e16d78877453573d73e0e34d7d75f73ef1f3\/logo%20Club%20de%20robotica.png?w=750&#038;ssl=1\"\n             style=\"height:100px;\">\n    <\/div>\n\n    <!-- CONTENIDO -->\n    <div style=\"text-align:center; padding:40px 20px;\">\n\n        <h1 style=\"font-size:32px; color:#00e0ff; margin-bottom:20px;\">\n            Unidad Educativa Santo Domingo de Guzm\u00e1n\n        <\/h1>\n\n        <div style=\"margin:20px 0;\">\n            <img data-recalc-dims=\"1\" decoding=\"async\" src=\"https:\/\/i0.wp.com\/github.com\/edissonmauri-art\/electrorecicla\/raw\/1490f1058338ced30239be427ac830323cafc42b\/logo%20proyecto.png?w=750&#038;ssl=1\"\n                 style=\"height:180px;\">\n        <\/div>\n\n        <h2 style=\"font-size:22px; margin-bottom:30px;\">\n            Electro Recicla \u2013 Cuidando el Cole 2026\n        <\/h2>\n\n        <!-- BOTONES -->\n        <div style=\"display:flex; flex-wrap:wrap; justify-content:center; gap:15px;\">\n\n            <a href=\"https:\/\/forms.gle\/tSU9EEYhszfKR8vG7\"\n               target=\"_blank\"\n               style=\"text-decoration:none; background-color:#002f6c; color:white; padding:12px 24px; border:2px solid #00e0ff; border-radius:25px; font-size:15px;\">\n                Inscr\u00edbete Ahora\n            <\/a>\n\n            <a href=\"https:\/\/santo.edu.ec\/wp-content\/uploads\/2026\/02\/Reglamento-General.pdf\"\n               target=\"_blank\"\n               style=\"text-decoration:none; background-color:#002f6c; color:white; padding:12px 24px; border:2px solid #00e0ff; border-radius:25px; font-size:15px;\">\n                Reglamento General\n            <\/a>\n\n            <a href=\"https:\/\/santo.edu.ec\/wp-content\/uploads\/2026\/02\/Reglamento-categoria-tecnologica.pdf\"\n               target=\"_blank\"\n               style=\"text-decoration:none; background-color:#002f6c; color:white; padding:12px 24px; border:2px solid #00e0ff; border-radius:25px; font-size:15px;\">\n                Reglamento Categor\u00eda Tecnol\u00f3gica\n            <\/a>\n\n            <a href=https:\/\/santo.edu.ec\/wp-content\/uploads\/2026\/02\/Reglamento-C.-Innovador.pdf\"\n               target=\"_blank\"\n               style=\"text-decoration:none; background-color:#002f6c; color:white; padding:12px 24px; border:2px solid #00e0ff; border-radius:25px; font-size:15px;\">\n                Reglamento Categor\u00eda Innovadora\n            <\/a>\n\n            <a href=\"https:\/\/santo.edu.ec\/wp-content\/uploads\/2026\/02\/anexo-1.docx\"\n               style=\"text-decoration:none; background-color:#002f6c; color:white; padding:12px 24px; border:2px solid #00e0ff; border-radius:25px; font-size:15px;\">\n                Anexo 1\n            <\/a>\n\n            <a href=https:\/\/santo.edu.ec\/wp-content\/uploads\/2026\/02\/tripticorobotica.pdf\"\n               target=\"_blank\"\n               style=\"text-decoration:none; background-color:#002f6c; color:white; padding:12px 24px; border:2px solid #00e0ff; border-radius:25px; font-size:15px;\">\n                Tr\u00edptico\n            <\/a>\n <a href=\"https:\/\/santo.edu.ec\/wp-content\/uploads\/2026\/02\/Afiche-1.pdf\"\n               target=\"_blank\"\n               style=\"text-decoration:none; background-color:#002f6c; color:white; padding:12px 24px; border:2px solid #00e0ff; border-radius:25px; font-size:15px;\">\n                Afiche\n            <\/a>\n\n        <\/div>\n    <\/div>\n\n<\/div>\n","protected":false},"excerpt":{"rendered":"<p>Unidad Educativa Santo Domingo de Guzm\u00e1n Electro Recicla \u2013 Cuidando el Cole 2026 Inscr\u00edbete Ahora Reglamento General Reglamento Categor\u00eda Tecnol\u00f3gica Tr\u00edptico Afiche<\/p>\n","protected":false},"author":1,"featured_media":2544,"parent":0,"menu_order":0,"comment_status":"closed","ping_status":"closed","template":"","meta":{"_themeisle_gutenberg_block_has_review":false,"_joinchat":[],"footnotes":""},"class_list":["post-2502","page","type-page","status-publish","has-post-thumbnail","hentry"],"jetpack_sharing_enabled":true,"_links":{"self":[{"href":"https:\/\/santo.edu.ec\/index.php\/wp-json\/wp\/v2\/pages\/2502","targetHints":{"allow":["GET"]}}],"collection":[{"href":"https:\/\/santo.edu.ec\/index.php\/wp-json\/wp\/v2\/pages"}],"about":[{"href":"https:\/\/santo.edu.ec\/index.php\/wp-json\/wp\/v2\/types\/page"}],"author":[{"embeddable":true,"href":"https:\/\/santo.edu.ec\/index.php\/wp-json\/wp\/v2\/users\/1"}],"replies":[{"embeddable":true,"href":"https:\/\/santo.edu.ec\/index.php\/wp-json\/wp\/v2\/comments?post=2502"}],"version-history":[{"count":14,"href":"https:\/\/santo.edu.ec\/index.php\/wp-json\/wp\/v2\/pages\/2502\/revisions"}],"predecessor-version":[{"id":2558,"href":"https:\/\/santo.edu.ec\/index.php\/wp-json\/wp\/v2\/pages\/2502\/revisions\/2558"}],"wp:featuredmedia":[{"embeddable":true,"href":"https:\/\/santo.edu.ec\/index.php\/wp-json\/wp\/v2\/media\/2544"}],"wp:attachment":[{"href":"https:\/\/santo.edu.ec\/index.php\/wp-json\/wp\/v2\/media?parent=2502"}],"curies":[{"name":"wp","href":"https:\/\/api.w.org\/{rel}","templated":true}]}}