{"id":230,"date":"2023-11-15T18:32:22","date_gmt":"2023-11-15T17:32:22","guid":{"rendered":"https:\/\/santo.edu.ec\/?page_id=230"},"modified":"2024-04-01T18:45:02","modified_gmt":"2024-04-01T16:45:02","slug":"admisiones","status":"publish","type":"page","link":"https:\/\/santo.edu.ec\/index.php\/admisiones\/","title":{"rendered":"Admisiones"},"content":{"rendered":"\n<p class=\"has-text-align-center has-large-font-size\"><strong>2024-2025<\/strong><\/p>\n\n\n\n<p class=\"has-text-align-center has-large-font-size\"><strong>INSCRIPCIONES ABIERTAS<\/strong><\/p>\n\n\n\n<p class=\"has-text-align-center has-large-font-size\">\u00a1Ac\u00e9rcate a la Instituci\u00f3n hoy mismo para asegurar tu lugar! <\/p>\n\n\n\n<p class=\"has-text-align-center\"><strong>Requisitos:<\/strong><br>C\u00e9dula del estudiante<br>C\u00e9dula del los Padres<br>Informe de Aprendizaje<\/p>\n\n\n<div class=\"wp-block-image\">\n<figure class=\"aligncenter size-large\"><img data-recalc-dims=\"1\" fetchpriority=\"high\" decoding=\"async\" width=\"750\" height=\"810\" src=\"https:\/\/i0.wp.com\/santo.edu.ec\/wp-content\/uploads\/2024\/02\/estado-01-1.png?resize=750%2C810&#038;ssl=1\" alt=\"\" class=\"wp-image-992\" srcset=\"https:\/\/i0.wp.com\/santo.edu.ec\/wp-content\/uploads\/2024\/02\/estado-01-1.png?resize=948%2C1024&amp;ssl=1 948w, https:\/\/i0.wp.com\/santo.edu.ec\/wp-content\/uploads\/2024\/02\/estado-01-1.png?resize=278%2C300&amp;ssl=1 278w, https:\/\/i0.wp.com\/santo.edu.ec\/wp-content\/uploads\/2024\/02\/estado-01-1.png?resize=768%2C830&amp;ssl=1 768w, https:\/\/i0.wp.com\/santo.edu.ec\/wp-content\/uploads\/2024\/02\/estado-01-1.png?resize=1422%2C1536&amp;ssl=1 1422w, https:\/\/i0.wp.com\/santo.edu.ec\/wp-content\/uploads\/2024\/02\/estado-01-1.png?resize=1896%2C2048&amp;ssl=1 1896w, https:\/\/i0.wp.com\/santo.edu.ec\/wp-content\/uploads\/2024\/02\/estado-01-1.png?w=1500&amp;ssl=1 1500w, https:\/\/i0.wp.com\/santo.edu.ec\/wp-content\/uploads\/2024\/02\/estado-01-1.png?w=2250&amp;ssl=1 2250w\" sizes=\"(max-width: 750px) 100vw, 750px\" \/><\/figure>\n<\/div>","protected":false},"excerpt":{"rendered":"<p>2024-2025 INSCRIPCIONES ABIERTAS \u00a1Ac\u00e9rcate a la Instituci\u00f3n hoy mismo para asegurar tu lugar! Requisitos:C\u00e9dula del estudianteC\u00e9dula del los PadresInforme de Aprendizaje<\/p>\n","protected":false},"author":1,"featured_media":974,"parent":0,"menu_order":0,"comment_status":"closed","ping_status":"closed","template":"","meta":{"_themeisle_gutenberg_block_has_review":false,"_joinchat":[],"footnotes":""},"class_list":["post-230","page","type-page","status-publish","has-post-thumbnail","hentry"],"jetpack_sharing_enabled":true,"_links":{"self":[{"href":"https:\/\/santo.edu.ec\/index.php\/wp-json\/wp\/v2\/pages\/230","targetHints":{"allow":["GET"]}}],"collection":[{"href":"https:\/\/santo.edu.ec\/index.php\/wp-json\/wp\/v2\/pages"}],"about":[{"href":"https:\/\/santo.edu.ec\/index.php\/wp-json\/wp\/v2\/types\/page"}],"author":[{"embeddable":true,"href":"https:\/\/santo.edu.ec\/index.php\/wp-json\/wp\/v2\/users\/1"}],"replies":[{"embeddable":true,"href":"https:\/\/santo.edu.ec\/index.php\/wp-json\/wp\/v2\/comments?post=230"}],"version-history":[{"count":22,"href":"https:\/\/santo.edu.ec\/index.php\/wp-json\/wp\/v2\/pages\/230\/revisions"}],"predecessor-version":[{"id":1148,"href":"https:\/\/santo.edu.ec\/index.php\/wp-json\/wp\/v2\/pages\/230\/revisions\/1148"}],"wp:featuredmedia":[{"embeddable":true,"href":"https:\/\/santo.edu.ec\/index.php\/wp-json\/wp\/v2\/media\/974"}],"wp:attachment":[{"href":"https:\/\/santo.edu.ec\/index.php\/wp-json\/wp\/v2\/media?parent=230"}],"curies":[{"name":"wp","href":"https:\/\/api.w.org\/{rel}","templated":true}]}}