{"id":2056,"date":"2025-03-25T11:50:44","date_gmt":"2025-03-25T16:50:44","guid":{"rendered":"https:\/\/santo.edu.ec\/?page_id=2056"},"modified":"2025-03-31T13:05:43","modified_gmt":"2025-03-31T18:05:43","slug":"concurso-de-fotografia-un-encuentro-de-corazon","status":"publish","type":"page","link":"https:\/\/santo.edu.ec\/index.php\/concurso-de-fotografia-un-encuentro-de-corazon\/","title":{"rendered":"UN ENCUENTRO DE CORAZ\u00d3N"},"content":{"rendered":"\n<div class=\"wp-block-buttons is-content-justification-center is-layout-flex wp-container-core-buttons-is-layout-a89b3969 wp-block-buttons-is-layout-flex\"><\/div>\n\n\n\n<div class=\"wp-block-media-text is-stacked-on-mobile\"><figure class=\"wp-block-media-text__media\"><img data-recalc-dims=\"1\" fetchpriority=\"high\" decoding=\"async\" width=\"750\" height=\"629\" src=\"https:\/\/i0.wp.com\/santo.edu.ec\/wp-content\/uploads\/2025\/03\/concursopagina.png?resize=750%2C629&#038;ssl=1\" alt=\"\" class=\"wp-image-2060 size-full\" srcset=\"https:\/\/i0.wp.com\/santo.edu.ec\/wp-content\/uploads\/2025\/03\/concursopagina.png?w=823&amp;ssl=1 823w, https:\/\/i0.wp.com\/santo.edu.ec\/wp-content\/uploads\/2025\/03\/concursopagina.png?resize=300%2C252&amp;ssl=1 300w, https:\/\/i0.wp.com\/santo.edu.ec\/wp-content\/uploads\/2025\/03\/concursopagina.png?resize=768%2C644&amp;ssl=1 768w\" sizes=\"(max-width: 750px) 100vw, 750px\" \/><\/figure><div class=\"wp-block-media-text__content\">\n<p><strong>Completa el siguiente formulario para participar, no olvides cargar la fotograf\u00eda: <\/strong><\/p>\n\n\n\n<div class=\"wp-block-buttons is-layout-flex wp-block-buttons-is-layout-flex\">\n<div class=\"wp-block-button\"><a class=\"wp-block-button__link has-accent-background-color has-background wp-element-button\" href=\"https:\/\/forms.office.com\/r\/eT6jkZXjxZ\">Formulario de inscripci\u00f3n<\/a><\/div>\n<\/div>\n<\/div><\/div>\n\n\n\n<hr class=\"wp-block-separator has-alpha-channel-opacity\"\/>\n\n\n\n<p class=\"has-text-align-center has-large-font-size\"><strong>BASES DEL CONCURSO<\/strong><\/p>\n\n\n\n<p><strong>1. Objetivo del Concurso<\/strong><\/p>\n\n\n\n<p>El concurso tiene como objetivo capturar momentos especiales y divertidos entre abuelos y nietos, mostrando complicidad y conexi\u00f3n \u00fanica que existe entre ellos.<\/p>\n\n\n\n<p><strong>2. Participantes<\/strong><\/p>\n\n\n\n<p>Pueden participar todas las familias que cuenten con un abuelo\/a y un nieto\/a. Los participantes deben ser estudiantes de la instituci\u00f3n educativa.<\/p>\n\n\n\n<p><strong>3. Categor\u00eda de la Fotograf\u00eda<\/strong><\/p>\n\n\n\n<p>La fotograf\u00eda debe representar una situaci\u00f3n espont\u00e1nea entre el abuelo\/a y el nieto\/a, ambos disfrazados. Los disfraces pueden ser de cualquier tipo: personajes de pel\u00edculas, animales, profesiones, o cualquier tema que los participantes elijan. La creatividad y la originalidad de los disfraces ser\u00e1n esenciales.<\/p>\n\n\n\n<p><strong>4. Requisitos de la Fotograf\u00eda<\/strong><\/p>\n\n\n\n<ul class=\"wp-block-list\">\n<li><strong>Formato<\/strong>: La fotograf\u00eda debe presentarse en formato digital (JPEG o PNG).<\/li>\n\n\n\n<li><strong>Resoluci\u00f3n<\/strong>: Las fotos deben tener una resoluci\u00f3n m\u00ednima de 1080 x 1080 p\u00edxeles para asegurar su calidad.<\/li>\n\n\n\n<li><strong>Enfoque<\/strong>: La foto debe centrarse en la interacci\u00f3n entre el abuelo\/a y el nieto\/a, capturando una expresi\u00f3n genuina de alegr\u00eda y complicidad.<\/li>\n\n\n\n<li><strong>Sin modificaciones excesivas<\/strong>: Se permiten ajustes b\u00e1sicos de color y brillo, pero no se aceptan montajes ni alteraciones digitales que cambien el contenido original de la foto.<\/li>\n<\/ul>\n\n\n\n<p><strong>5. Inscripci\u00f3n<\/strong><\/p>\n\n\n\n<p>Para participar, los interesados llenar el siguiente formulario, en el que deber\u00e1n adjuntar la fotograf\u00eda.<\/p>\n\n\n\n<p>El enlace funciona \u00fanicamente con el correo institucional del estudiante.<\/p>\n\n\n\n<p><strong>6. Plazo de Inscripci\u00f3n<\/strong><\/p>\n\n\n\n<p>La fotograf\u00eda deber\u00e1 enviar desde el 07 al 11 de abril de 2025, a trav\u00e9s del formulario publicado<br>en la p\u00e1gina web: www.santo.edu.ec<\/p>\n\n\n\n<p>Las fotos enviadas despu\u00e9s de la fecha indicada no ser\u00e1n aceptadas.<\/p>\n\n\n\n<p><strong>7. Revisi\u00f3n de Fotograf\u00edas<\/strong><\/p>\n\n\n\n<p>Del 14 al 18 de abril se revisar\u00e1n las fotograf\u00edas para posterior continuar con el proceso de<br>publicaci\u00f3n.<\/p>\n\n\n\n<p><strong>8. Publicaci\u00f3n en Facebook<\/strong><\/p>\n\n\n\n<ul class=\"wp-block-list\">\n<li><strong>Publicaci\u00f3n en Facebook<\/strong>: Las fotograf\u00edas que cumplan con los requisitos ser\u00e1n publicadas en la p\u00e1gina de Facebook de la instituci\u00f3n educativa, el 21 de abril de 2025.<\/li>\n\n\n\n<li><strong>Votaci\u00f3n en Facebook<\/strong>: Las fotograf\u00edas reciban votos a trav\u00e9s de \u00abreacciones\u00bb en la<br>publicaci\u00f3n, hasta el 30 de abril de 2025. El participante cuya foto reciba m\u00e1s likes ser\u00e1<br>el ganador de Facebook.<\/li>\n\n\n\n<li><strong>Revisi\u00f3n y Votaci\u00f3n del Jurado:<\/strong> Un jurado compuesto por 3 personas revisar\u00e1 todas<br>las fotograf\u00edas teniendo en cuenta los siguientes criterios, previo a ser publicadas en<br>Facebook:<\/li>\n<\/ul>\n\n\n\n<figure class=\"wp-block-table\"><table class=\"has-fixed-layout\"><tbody><tr><td><strong>Criterio de Evaluaci\u00f3n<\/strong><\/td><td><strong>Descripci\u00f3n<\/strong><\/td><td><strong>Puntos<\/strong><\/td><\/tr><tr><td>Creatividad<\/td><td>Eval\u00faa la originalidad y la imaginaci\u00f3n en la composici\u00f3n de la fotograf\u00eda, y el uso de los disfraces.<\/td><td>3 puntos<\/td><\/tr><tr><td>Espontaneidad<\/td><td>Mide si la foto refleja una interacci\u00f3n genuina, sin parecer forzada.<\/td><td>2 puntos<\/td><\/tr><tr><td>Calidad<\/td><td>Eval\u00faa la claridad y enfoque.<\/td><td>2 puntos<\/td><\/tr><tr><td>Expresi\u00f3n emocional de la imagen<\/td><td>Observa la emoci\u00f3n que transmite la foto, reflejando la conexi\u00f3n y la complicidad entre el ni\u00f1o y el abuelo.<\/td><td>3 puntos<\/td><\/tr><\/tbody><\/table><\/figure>\n\n\n\n<p><strong>9. Premios<\/strong><\/p>\n\n\n\n<p>Los tres primeros lugares recibir\u00e1n premios que celebran la relaci\u00f3n intergeneracional.<\/p>\n\n\n\n<p><strong>10. Consideraciones Finales<\/strong><\/p>\n\n\n\n<ul class=\"wp-block-list\">\n<li>La participaci\u00f3n es libre y voluntaria.<\/li>\n\n\n\n<li>La participaci\u00f3n en este concurso implica la aceptaci\u00f3n total de estas bases.<\/li>\n\n\n\n<li>La instituci\u00f3n educativa se reserva el derecho de descalificar cualquier fotograf\u00eda que no cumpla con las normas o que sea inapropiada.<\/li>\n\n\n\n<li>En caso de que se presenten dudas, el jurado y organizadores podr\u00e1n tomar las decisiones necesarias para resolverlas.<\/li>\n<\/ul>\n\n\n\n<p><\/p>\n","protected":false},"excerpt":{"rendered":"<p>BASES DEL CONCURSO 1. Objetivo del Concurso El concurso tiene como objetivo capturar momentos especiales y divertidos entre abuelos y nietos, mostrando complicidad y conexi\u00f3n \u00fanica que existe entre ellos. 2. Participantes Pueden participar todas las familias que cuenten con un abuelo\/a y un nieto\/a. Los participantes deben ser estudiantes [&hellip;]<\/p>\n","protected":false},"author":1,"featured_media":2062,"parent":0,"menu_order":0,"comment_status":"closed","ping_status":"closed","template":"","meta":{"_themeisle_gutenberg_block_has_review":false,"_joinchat":[],"footnotes":""},"class_list":["post-2056","page","type-page","status-publish","has-post-thumbnail","hentry"],"jetpack_sharing_enabled":true,"_links":{"self":[{"href":"https:\/\/santo.edu.ec\/index.php\/wp-json\/wp\/v2\/pages\/2056","targetHints":{"allow":["GET"]}}],"collection":[{"href":"https:\/\/santo.edu.ec\/index.php\/wp-json\/wp\/v2\/pages"}],"about":[{"href":"https:\/\/santo.edu.ec\/index.php\/wp-json\/wp\/v2\/types\/page"}],"author":[{"embeddable":true,"href":"https:\/\/santo.edu.ec\/index.php\/wp-json\/wp\/v2\/users\/1"}],"replies":[{"embeddable":true,"href":"https:\/\/santo.edu.ec\/index.php\/wp-json\/wp\/v2\/comments?post=2056"}],"version-history":[{"count":7,"href":"https:\/\/santo.edu.ec\/index.php\/wp-json\/wp\/v2\/pages\/2056\/revisions"}],"predecessor-version":[{"id":2075,"href":"https:\/\/santo.edu.ec\/index.php\/wp-json\/wp\/v2\/pages\/2056\/revisions\/2075"}],"wp:featuredmedia":[{"embeddable":true,"href":"https:\/\/santo.edu.ec\/index.php\/wp-json\/wp\/v2\/media\/2062"}],"wp:attachment":[{"href":"https:\/\/santo.edu.ec\/index.php\/wp-json\/wp\/v2\/media?parent=2056"}],"curies":[{"name":"wp","href":"https:\/\/api.w.org\/{rel}","templated":true}]}}