{"id":202,"date":"2023-11-15T18:23:51","date_gmt":"2023-11-15T17:23:51","guid":{"rendered":"https:\/\/santo.edu.ec\/?page_id=202"},"modified":"2025-03-07T11:38:48","modified_gmt":"2025-03-07T16:38:48","slug":"valores-institucionales","status":"publish","type":"page","link":"https:\/\/santo.edu.ec\/index.php\/valores-institucionales\/","title":{"rendered":"Valores Institucionales"},"content":{"rendered":"\n<p class=\"justificar\">En el Santo, creemos que la educaci\u00f3n va m\u00e1s all\u00e1 de las aulas. Nuestros valores son el pilar fundamental que gu\u00eda cada acci\u00f3n, decisi\u00f3n y relaci\u00f3n entre los actores de la comunidad educativa. Te invitamos a conocer y asumir los valores institucionales, seguros que cada interacci\u00f3n ser\u00e1 una oportunidad para crecer y contribuir al bienestar de todos. Juntos, construimos un futuro m\u00e1s brillante y lleno de posibilidades.<\/p>\n\n\n\n<div class=\"wp-block-columns is-layout-flex wp-container-core-columns-is-layout-28f84493 wp-block-columns-is-layout-flex\">\n<div class=\"wp-block-column is-layout-flow wp-block-column-is-layout-flow\">\n<style>\n    table {\n        width: 100%;\n        border-collapse: collapse;\n        font-family: Arial, sans-serif;\n        background-color: #f4f4f4;\n    }\n    th, td {\n        padding: 15px;\n        text-align: left;\n        border: 1px solid #ddd;\n    }\n    th {\n        background-color: #2c3e50;\n        color: white;\n        font-size: 16px;\n    }\n    td {\n        background-color: #ecf0f1;\n        color: #2c3e50;\n        font-size: 14px;\n    }\n    tr:nth-child(even) {\n        background-color: #e7e7e7;\n    }\n    tr:hover {\n        background-color: #d4ac0d;\n        color: white;\n    }\n    .highlight {\n        background-color: #2980b9;\n        color: white;\n    }\n    .highlight2 {\n       background-color: #1f5e9a;\n    color: white;\n    white-space: nowrap; \n    overflow: hidden; \n    text-overflow: ellipsis; \n    }\n<\/style>\n\n<table>\n    <tr>\n        <th class=\"highlight\">Valores<\/th>\n        <th class=\"highlight\">Conceptualizaci\u00f3n<\/th>\n        <th class=\"highlight\">Actitudes Personales<\/th>\n    <\/tr>\n    <tr>\n        <td class=\"highlight2\">INTEGRIDAD<\/td>\n        <td>Rectitud en el car\u00e1cter y en la acci\u00f3n, lo cual permite a una persona hacer lo que considera correcto y sin afectar a los dem\u00e1s.<\/td>\n        <td>Act\u00faa con \u00e9tica y moral. Coherente, honrada, honesta, respetuosa consigo mismo y con los dem\u00e1s.<\/td>\n    <\/tr>\n    <tr>\n        <td class=\"highlight2\">RESPONSABILIDAD<\/td>\n        <td>Cumplir las obligaciones asumidas, siendo respetuoso de s\u00ed mismo y de los dem\u00e1s.<\/td>\n        <td>Puntual, preventiva, diligente, proactiva, comprometida, disciplinada.<\/td>\n    <\/tr>\n    <tr>\n        <td class=\"highlight2\">SOLIDARIDAD<\/td>\n        <td>Tener empat\u00eda con los dem\u00e1s y apoyarles en los momentos necesarios.<\/td>\n        <td>Comprensiva, generosa, colaborativa.<\/td>\n    <\/tr>\n    <tr>\n        <td class=\"highlight2\">AMOR<\/td>\n        <td>Fuerza que nos impulsa para hacer las cosas bien y ayudar a los dem\u00e1s.<\/td>\n        <td>Afectuosa, tierna, compresiva, servicial, emp\u00e1tica, respetuosa, paciente, sincera.<\/td>\n    <\/tr>\n    <tr>\n        <td class=\"highlight2\">ALEGR\u00cdA<\/td>\n        <td>Manifestaci\u00f3n de un estado interior luminoso, que ostenta una buena cantidad de energ\u00eda y tendencia hacia una actitud constructiva y positiva, a\u00fan cuando las cosas no hayan salido como esperaba.<\/td>\n        <td>Sonriente, participativa, diligente, positiva, abierta, comunicativa, entusiasta.<\/td>\n    <\/tr>\n    <tr>\n        <td class=\"highlight2\">LIBERTAD<\/td>\n        <td>Actuar seg\u00fan los principios, criterios, raz\u00f3n y voluntad, sin m\u00e1s limitaciones que el respeto a la libertad de los dem\u00e1s.<\/td>\n        <td>Responsable, respetuosa, coherente, veraz, pac\u00edfica.<\/td>\n    <\/tr>\n    <tr>\n        <td class=\"highlight2\">FIDELIDAD<\/td>\n        <td>Ser leal y respetar los compromisos adquiridos ya sea con un valor, una idea, grupo o persona.<\/td>\n        <td>Fiel, honesta, transparente, confiable, segura de s\u00ed misma.<\/td>\n    <\/tr>\n    <tr>\n        <td class=\"highlight2\">HUMILDAD<\/td>\n        <td>Tener conciencia de las propias virtudes (cualidades) y limitaciones (defectos) y obrar de acuerdo con ellas.<\/td>\n        <td>Humilde, modesta, sencilla, sin complejos de superioridad ni de inferioridad, respeta profundamente a los dem\u00e1s.<\/td>\n    <\/tr>\n    <tr>\n        <td class=\"highlight2\">VERDAD<\/td>\n        <td>Concordancia entre lo que pensamos y sabemos de la realidad, que abarca todos los aspectos de la vida.<\/td>\n        <td>Frontal y cr\u00edtica. Transparente en el pensar, sentir y obrar.<\/td>\n    <\/tr>\n    <tr>\n        <td class=\"highlight2\">ORACI\u00d3N<\/td>\n        <td>Comunicaci\u00f3n con Dios, sabi\u00e9ndonos amados por \u00c9l. Como Santo Domingo, hablar con Dios para luego hablar de \u00c9l.<\/td>\n        <td>Conf\u00eda en Dios y dedica tiempo para hablar con \u00c9l. Experimenta paz y la transmite a los dem\u00e1s.<\/td>\n    <\/tr>\n    <tr>\n        <td class=\"highlight2\">MISERICORDIA<\/td>\n        <td>Es la disposici\u00f3n divina de sentir compasi\u00f3n por los que sufren, brindar apoyo, perdonar con generosidad.<\/td>\n        <td>Tolerante, considerado. Asiste al necesitado, perdona, es benevolente.<\/td>\n    <\/tr>\n    <tr>\n        <td class=\"highlight2\">JUSTICIA<\/td>\n        <td>Es la voluntad constante de dar a cada uno lo que le corresponde.<\/td>\n        <td>Imparcial, honesto, equitativo, busca el bien com\u00fan.<\/td>\n    <\/tr>\n<\/table>\n<\/div>\n<\/div>\n\n\n\n<p><\/p>\n","protected":false},"excerpt":{"rendered":"<p>En el Santo, creemos que la educaci\u00f3n va m\u00e1s all\u00e1 de las aulas. Nuestros valores son el pilar fundamental que gu\u00eda cada acci\u00f3n, decisi\u00f3n y relaci\u00f3n entre los actores de la comunidad educativa. Te invitamos a conocer y asumir los valores institucionales, seguros que cada interacci\u00f3n ser\u00e1 una oportunidad para [&hellip;]<\/p>\n","protected":false},"author":1,"featured_media":427,"parent":0,"menu_order":0,"comment_status":"closed","ping_status":"closed","template":"","meta":{"_themeisle_gutenberg_block_has_review":false,"_joinchat":[],"footnotes":""},"class_list":["post-202","page","type-page","status-publish","has-post-thumbnail","hentry"],"jetpack_sharing_enabled":true,"_links":{"self":[{"href":"https:\/\/santo.edu.ec\/index.php\/wp-json\/wp\/v2\/pages\/202","targetHints":{"allow":["GET"]}}],"collection":[{"href":"https:\/\/santo.edu.ec\/index.php\/wp-json\/wp\/v2\/pages"}],"about":[{"href":"https:\/\/santo.edu.ec\/index.php\/wp-json\/wp\/v2\/types\/page"}],"author":[{"embeddable":true,"href":"https:\/\/santo.edu.ec\/index.php\/wp-json\/wp\/v2\/users\/1"}],"replies":[{"embeddable":true,"href":"https:\/\/santo.edu.ec\/index.php\/wp-json\/wp\/v2\/comments?post=202"}],"version-history":[{"count":13,"href":"https:\/\/santo.edu.ec\/index.php\/wp-json\/wp\/v2\/pages\/202\/revisions"}],"predecessor-version":[{"id":2047,"href":"https:\/\/santo.edu.ec\/index.php\/wp-json\/wp\/v2\/pages\/202\/revisions\/2047"}],"wp:featuredmedia":[{"embeddable":true,"href":"https:\/\/santo.edu.ec\/index.php\/wp-json\/wp\/v2\/media\/427"}],"wp:attachment":[{"href":"https:\/\/santo.edu.ec\/index.php\/wp-json\/wp\/v2\/media?parent=202"}],"curies":[{"name":"wp","href":"https:\/\/api.w.org\/{rel}","templated":true}]}}