{"id":201,"date":"2023-11-15T18:23:50","date_gmt":"2023-11-15T17:23:50","guid":{"rendered":"https:\/\/santo.edu.ec\/?page_id=201"},"modified":"2025-02-03T13:02:48","modified_gmt":"2025-02-03T18:02:48","slug":"mision-y-vision","status":"publish","type":"page","link":"https:\/\/santo.edu.ec\/index.php\/mision-y-vision\/","title":{"rendered":"Misi\u00f3n y Visi\u00f3n"},"content":{"rendered":"\n<p class=\"has-text-align-left has-large-font-size\"><strong>Misi\u00f3n<\/strong><\/p>\n\n\n\n<p class=\"justificar has-medium-font-size\">Somos una Unidad Educativa Dominicana que forma a la ni\u00f1ez y juventud, bajo est\u00e1ndares de calidad educativa, con un enfoque hol\u00edstico, para ser un signo de Luz en la familia y la sociedad.<\/p>\n\n\n\n<p class=\"has-large-font-size\"><strong>Visi\u00f3n<\/strong><\/p>\n\n\n\n<p class=\"justificar\">Seremos una Instituci\u00f3n Educativa Biling\u00fce, con certificaci\u00f3n de calidad y comprometida con el cuidado de nuestro entorno familiar, natural y social.<\/p>\n","protected":false},"excerpt":{"rendered":"<p>Misi\u00f3n Somos una Unidad Educativa Dominicana que forma a la ni\u00f1ez y juventud, bajo est\u00e1ndares de calidad educativa, con un enfoque hol\u00edstico, para ser un signo de Luz en la familia y la sociedad. Visi\u00f3n Seremos una Instituci\u00f3n Educativa Biling\u00fce, con certificaci\u00f3n de calidad y comprometida con el cuidado de [&hellip;]<\/p>\n","protected":false},"author":1,"featured_media":373,"parent":0,"menu_order":0,"comment_status":"closed","ping_status":"closed","template":"","meta":{"_themeisle_gutenberg_block_has_review":false,"_joinchat":[],"footnotes":""},"class_list":["post-201","page","type-page","status-publish","has-post-thumbnail","hentry"],"jetpack_sharing_enabled":true,"_links":{"self":[{"href":"https:\/\/santo.edu.ec\/index.php\/wp-json\/wp\/v2\/pages\/201","targetHints":{"allow":["GET"]}}],"collection":[{"href":"https:\/\/santo.edu.ec\/index.php\/wp-json\/wp\/v2\/pages"}],"about":[{"href":"https:\/\/santo.edu.ec\/index.php\/wp-json\/wp\/v2\/types\/page"}],"author":[{"embeddable":true,"href":"https:\/\/santo.edu.ec\/index.php\/wp-json\/wp\/v2\/users\/1"}],"replies":[{"embeddable":true,"href":"https:\/\/santo.edu.ec\/index.php\/wp-json\/wp\/v2\/comments?post=201"}],"version-history":[{"count":6,"href":"https:\/\/santo.edu.ec\/index.php\/wp-json\/wp\/v2\/pages\/201\/revisions"}],"predecessor-version":[{"id":1758,"href":"https:\/\/santo.edu.ec\/index.php\/wp-json\/wp\/v2\/pages\/201\/revisions\/1758"}],"wp:featuredmedia":[{"embeddable":true,"href":"https:\/\/santo.edu.ec\/index.php\/wp-json\/wp\/v2\/media\/373"}],"wp:attachment":[{"href":"https:\/\/santo.edu.ec\/index.php\/wp-json\/wp\/v2\/media?parent=201"}],"curies":[{"name":"wp","href":"https:\/\/api.w.org\/{rel}","templated":true}]}}