{"id":1288,"date":"2024-06-13T17:38:31","date_gmt":"2024-06-13T15:38:31","guid":{"rendered":"https:\/\/santo.edu.ec\/?page_id=1288"},"modified":"2025-08-29T07:54:22","modified_gmt":"2025-08-29T12:54:22","slug":"lista-de-utiles","status":"publish","type":"page","link":"https:\/\/santo.edu.ec\/index.php\/lista-de-utiles\/","title":{"rendered":"Lista de \u00datiles"},"content":{"rendered":"\n<p class=\"has-text-align-center has-medium-font-size\"><strong>Lista de \u00fatiles para el A\u00f1o Lectivo 2025-2026<\/strong><\/p>\n\n\n\n<p>La recepci\u00f3n desde Inicial 2 a 7EGB&nbsp; se receptaran el s\u00e1bado 30 de agosto por parte de los docentes en las aulas respectivas, en horario&nbsp; de 08h30 a 12h30. <\/p>\n\n\n\n<p><a href=\"#compralibros\"><strong>Compra de libros<\/strong>, para mayor informaci\u00f3n clic aqu\u00ed.<\/a><\/p>\n\n\n\n<p><a href=\"#guiaregistro\" data-type=\"internal\" data-id=\"#guiaregistro\"><strong>Para 8EGB a 3BGU: <\/strong>Instructivo de registro y activaci\u00f3n para IBEC Learning<\/a><\/p>\n\n\n\n<p><a href=\"https:\/\/santo.edu.ec\/index.php\/entrega-de-utiles-escolares\/\" data-type=\"page\" data-id=\"2273\">Conoce donde entregar la lista de \u00fatiles<\/a><\/p>\n\n\n\n<div id=\"wp-block-themeisle-blocks-accordion-c70b38da\" class=\"wp-block-themeisle-blocks-accordion exclusive\">\n<details class=\"wp-block-themeisle-blocks-accordion-item\"><summary class=\"wp-block-themeisle-blocks-accordion-item__title\"><div><strong>Inicial 2<\/strong><\/div><\/summary><div class=\"wp-block-themeisle-blocks-accordion-item__content\">\n<div data-wp-interactive=\"core\/file\" class=\"wp-block-file aligncenter\"><object data-wp-bind--hidden=\"!state.hasPdfPreview\" hidden class=\"wp-block-file__embed\" data=\"https:\/\/santo.edu.ec\/wp-content\/uploads\/2025\/07\/0.-LISTA_INICIAL_2_25-26-v1.pdf\" type=\"application\/pdf\" style=\"width:100%;height:600px\" aria-label=\"Incrustado de 0.- LISTA_INICIAL_2_25-26-v1.\"><\/object><a id=\"wp-block-file--media-f9ae7e4e-ecf6-4464-8d9c-19388b221ed2\" href=\"https:\/\/santo.edu.ec\/wp-content\/uploads\/2025\/07\/0.-LISTA_INICIAL_2_25-26-v1.pdf\">0.- LISTA_INICIAL_2_25-26-v1<\/a><a href=\"https:\/\/santo.edu.ec\/wp-content\/uploads\/2025\/07\/0.-LISTA_INICIAL_2_25-26-v1.pdf\" class=\"wp-block-file__button wp-element-button\" download aria-describedby=\"wp-block-file--media-f9ae7e4e-ecf6-4464-8d9c-19388b221ed2\">Descarga<\/a><\/div>\n<\/div><\/details>\n\n\n\n<details class=\"wp-block-themeisle-blocks-accordion-item\"><summary class=\"wp-block-themeisle-blocks-accordion-item__title\"><div><strong>1 EGB <\/strong><\/div><\/summary><div class=\"wp-block-themeisle-blocks-accordion-item__content\">\n<div data-wp-interactive=\"core\/file\" class=\"wp-block-file aligncenter\"><object data-wp-bind--hidden=\"!state.hasPdfPreview\" hidden class=\"wp-block-file__embed\" data=\"https:\/\/santo.edu.ec\/wp-content\/uploads\/2025\/07\/1.-LISTA-1EGB-2025.pdf\" type=\"application\/pdf\" style=\"width:100%;height:600px\" aria-label=\"Incrustado de 1.- LISTA-1EGB -2025.\"><\/object><a id=\"wp-block-file--media-8db9f272-a0ba-4197-b9ee-6e90f5a6fd2b\" href=\"https:\/\/santo.edu.ec\/wp-content\/uploads\/2025\/07\/1.-LISTA-1EGB-2025.pdf\">1.- LISTA-1EGB -2025<\/a><a href=\"https:\/\/santo.edu.ec\/wp-content\/uploads\/2025\/07\/1.-LISTA-1EGB-2025.pdf\" class=\"wp-block-file__button wp-element-button\" download aria-describedby=\"wp-block-file--media-8db9f272-a0ba-4197-b9ee-6e90f5a6fd2b\">Descarga<\/a><\/div>\n<\/div><\/details>\n\n\n\n<details class=\"wp-block-themeisle-blocks-accordion-item\"><summary class=\"wp-block-themeisle-blocks-accordion-item__title\"><div><strong>2 EGB<\/strong><\/div><\/summary><div class=\"wp-block-themeisle-blocks-accordion-item__content\">\n<div data-wp-interactive=\"core\/file\" class=\"wp-block-file aligncenter\"><object data-wp-bind--hidden=\"!state.hasPdfPreview\" hidden class=\"wp-block-file__embed\" data=\"https:\/\/santo.edu.ec\/wp-content\/uploads\/2025\/07\/2.-LISTA-DE-UTILES-SEGUNDO-EGB-ANO-LECTIVO-2025-2026.pdf\" type=\"application\/pdf\" style=\"width:100%;height:600px\" aria-label=\"Incrustado de 2.- LISTA DE U\u0301TILES - SEGUNDO EGB A\u00d1O LECTIVO 2025 - 2026.\"><\/object><a id=\"wp-block-file--media-204fd49f-457e-4607-b4aa-9b992ab1efdf\" href=\"https:\/\/santo.edu.ec\/wp-content\/uploads\/2025\/07\/2.-LISTA-DE-UTILES-SEGUNDO-EGB-ANO-LECTIVO-2025-2026.pdf\">2.- LISTA DE U\u0301TILES &#8211; SEGUNDO EGB A\u00d1O LECTIVO 2025 &#8211; 2026<\/a><a href=\"https:\/\/santo.edu.ec\/wp-content\/uploads\/2025\/07\/2.-LISTA-DE-UTILES-SEGUNDO-EGB-ANO-LECTIVO-2025-2026.pdf\" class=\"wp-block-file__button wp-element-button\" download aria-describedby=\"wp-block-file--media-204fd49f-457e-4607-b4aa-9b992ab1efdf\">Descarga<\/a><\/div>\n<\/div><\/details>\n\n\n\n<details class=\"wp-block-themeisle-blocks-accordion-item\"><summary class=\"wp-block-themeisle-blocks-accordion-item__title\"><div><strong>3 EGB<\/strong><\/div><\/summary><div class=\"wp-block-themeisle-blocks-accordion-item__content\">\n<div data-wp-interactive=\"core\/file\" class=\"wp-block-file aligncenter\"><object data-wp-bind--hidden=\"!state.hasPdfPreview\" hidden class=\"wp-block-file__embed\" data=\"https:\/\/santo.edu.ec\/wp-content\/uploads\/2025\/08\/3.-LISTA-DE-UTILES-TERCERO-EGB-ANO-LECTIVO-2025-2026.pdf\" type=\"application\/pdf\" style=\"width:100%;height:600px\" aria-label=\"Incrustado de 3.- LISTA DE \u00daTILES- TERCERO EGB A\u00d1O LECTIVO 2025-2026.\"><\/object><a id=\"wp-block-file--media-1539dc17-1b2d-4093-8eee-90c8962b80b5\" href=\"https:\/\/santo.edu.ec\/wp-content\/uploads\/2025\/08\/3.-LISTA-DE-UTILES-TERCERO-EGB-ANO-LECTIVO-2025-2026.pdf\">3.- LISTA DE \u00daTILES- TERCERO EGB A\u00d1O LECTIVO 2025-2026<\/a><a href=\"https:\/\/santo.edu.ec\/wp-content\/uploads\/2025\/08\/3.-LISTA-DE-UTILES-TERCERO-EGB-ANO-LECTIVO-2025-2026.pdf\" class=\"wp-block-file__button wp-element-button\" download aria-describedby=\"wp-block-file--media-1539dc17-1b2d-4093-8eee-90c8962b80b5\">Descarga<\/a><\/div>\n<\/div><\/details>\n\n\n\n<details class=\"wp-block-themeisle-blocks-accordion-item\"><summary class=\"wp-block-themeisle-blocks-accordion-item__title\"><div><strong>4 EGB<\/strong><\/div><\/summary><div class=\"wp-block-themeisle-blocks-accordion-item__content\">\n<div data-wp-interactive=\"core\/file\" class=\"wp-block-file aligncenter\"><object data-wp-bind--hidden=\"!state.hasPdfPreview\" hidden class=\"wp-block-file__embed\" data=\"https:\/\/santo.edu.ec\/wp-content\/uploads\/2025\/07\/4.-LISTA-DE-UTILES_4EGB_2025_2026.pdf\" type=\"application\/pdf\" style=\"width:100%;height:600px\" aria-label=\"Incrustado de 4.- LISTA DE \u00daTILES_4EGB_2025_2026.\"><\/object><a id=\"wp-block-file--media-b04be24e-d29d-4e1a-b321-84784777a210\" href=\"https:\/\/santo.edu.ec\/wp-content\/uploads\/2025\/07\/4.-LISTA-DE-UTILES_4EGB_2025_2026.pdf\">4.- LISTA DE \u00daTILES_4EGB_2025_2026<\/a><a href=\"https:\/\/santo.edu.ec\/wp-content\/uploads\/2025\/07\/4.-LISTA-DE-UTILES_4EGB_2025_2026.pdf\" class=\"wp-block-file__button wp-element-button\" download aria-describedby=\"wp-block-file--media-b04be24e-d29d-4e1a-b321-84784777a210\">Descarga<\/a><\/div>\n<\/div><\/details>\n\n\n\n<details class=\"wp-block-themeisle-blocks-accordion-item\"><summary class=\"wp-block-themeisle-blocks-accordion-item__title\"><div><strong>5 EGB<\/strong><\/div><\/summary><div class=\"wp-block-themeisle-blocks-accordion-item__content\">\n<div data-wp-interactive=\"core\/file\" class=\"wp-block-file aligncenter\"><object data-wp-bind--hidden=\"!state.hasPdfPreview\" hidden class=\"wp-block-file__embed\" data=\"https:\/\/santo.edu.ec\/wp-content\/uploads\/2025\/07\/5.-LISTA_5EGB_25-26.pdf\" type=\"application\/pdf\" style=\"width:100%;height:600px\" aria-label=\"Incrustado de 5.-LISTA_5EGB_25-26.\"><\/object><a id=\"wp-block-file--media-572b8c22-0719-4904-b70e-b2b73cfc700c\" href=\"https:\/\/santo.edu.ec\/wp-content\/uploads\/2025\/07\/5.-LISTA_5EGB_25-26.pdf\">5.-LISTA_5EGB_25-26<\/a><a href=\"https:\/\/santo.edu.ec\/wp-content\/uploads\/2025\/07\/5.-LISTA_5EGB_25-26.pdf\" class=\"wp-block-file__button wp-element-button\" download aria-describedby=\"wp-block-file--media-572b8c22-0719-4904-b70e-b2b73cfc700c\">Descarga<\/a><\/div>\n<\/div><\/details>\n\n\n\n<details class=\"wp-block-themeisle-blocks-accordion-item\"><summary class=\"wp-block-themeisle-blocks-accordion-item__title\"><div><strong>6 EGB<\/strong><\/div><\/summary><div class=\"wp-block-themeisle-blocks-accordion-item__content\">\n<div data-wp-interactive=\"core\/file\" class=\"wp-block-file aligncenter\"><object data-wp-bind--hidden=\"!state.hasPdfPreview\" hidden class=\"wp-block-file__embed\" data=\"https:\/\/santo.edu.ec\/wp-content\/uploads\/2025\/07\/6.-LISTA_6EGB_25_26.pdf\" type=\"application\/pdf\" style=\"width:100%;height:600px\" aria-label=\"Incrustado de 6.-LISTA_6EGB_25_26.\"><\/object><a id=\"wp-block-file--media-5753268f-1006-4fa1-a0b2-4aa0df9d4347\" href=\"https:\/\/santo.edu.ec\/wp-content\/uploads\/2025\/07\/6.-LISTA_6EGB_25_26.pdf\">6.-LISTA_6EGB_25_26<\/a><a href=\"https:\/\/santo.edu.ec\/wp-content\/uploads\/2025\/07\/6.-LISTA_6EGB_25_26.pdf\" class=\"wp-block-file__button wp-element-button\" download aria-describedby=\"wp-block-file--media-5753268f-1006-4fa1-a0b2-4aa0df9d4347\">Descarga<\/a><\/div>\n<\/div><\/details>\n\n\n\n<details class=\"wp-block-themeisle-blocks-accordion-item\"><summary class=\"wp-block-themeisle-blocks-accordion-item__title\"><div><strong>7 EGB<\/strong><\/div><\/summary><div class=\"wp-block-themeisle-blocks-accordion-item__content\">\n<div data-wp-interactive=\"core\/file\" class=\"wp-block-file aligncenter\"><object data-wp-bind--hidden=\"!state.hasPdfPreview\" hidden class=\"wp-block-file__embed\" data=\"https:\/\/santo.edu.ec\/wp-content\/uploads\/2025\/07\/7.-LISTA_7EGB_25_26.pdf\" type=\"application\/pdf\" style=\"width:100%;height:600px\" aria-label=\"Incrustado de 7.-LISTA_7EGB_25_26.\"><\/object><a id=\"wp-block-file--media-0b3d6258-63ab-4c21-9df9-48a6474a0302\" href=\"https:\/\/santo.edu.ec\/wp-content\/uploads\/2025\/07\/7.-LISTA_7EGB_25_26.pdf\">7.-LISTA_7EGB_25_26<\/a><a href=\"https:\/\/santo.edu.ec\/wp-content\/uploads\/2025\/07\/7.-LISTA_7EGB_25_26.pdf\" class=\"wp-block-file__button wp-element-button\" download aria-describedby=\"wp-block-file--media-0b3d6258-63ab-4c21-9df9-48a6474a0302\">Descarga<\/a><\/div>\n<\/div><\/details>\n\n\n\n<details class=\"wp-block-themeisle-blocks-accordion-item\"><summary class=\"wp-block-themeisle-blocks-accordion-item__title\"><div><strong>8 EGB<\/strong><\/div><\/summary><div class=\"wp-block-themeisle-blocks-accordion-item__content\">\n<div data-wp-interactive=\"core\/file\" class=\"wp-block-file aligncenter\"><object data-wp-bind--hidden=\"!state.hasPdfPreview\" hidden class=\"wp-block-file__embed\" data=\"https:\/\/santo.edu.ec\/wp-content\/uploads\/2025\/07\/8.-LISTA-DE-UTILES-OCTAVO-EGB-2025-2026.pdf\" type=\"application\/pdf\" style=\"width:100%;height:600px\" aria-label=\"Incrustado de 8.- LISTA DE U\u0301TILES - OCTAVO EGB - 2025- 2026.\"><\/object><a id=\"wp-block-file--media-97422bbf-20c1-4e2a-bac3-415b1a1158f4\" href=\"https:\/\/santo.edu.ec\/wp-content\/uploads\/2025\/07\/8.-LISTA-DE-UTILES-OCTAVO-EGB-2025-2026.pdf\">8.- LISTA DE U\u0301TILES &#8211; OCTAVO EGB &#8211; 2025- 2026<\/a><a href=\"https:\/\/santo.edu.ec\/wp-content\/uploads\/2025\/07\/8.-LISTA-DE-UTILES-OCTAVO-EGB-2025-2026.pdf\" class=\"wp-block-file__button wp-element-button\" download aria-describedby=\"wp-block-file--media-97422bbf-20c1-4e2a-bac3-415b1a1158f4\">Descarga<\/a><\/div>\n<\/div><\/details>\n\n\n\n<details class=\"wp-block-themeisle-blocks-accordion-item\"><summary class=\"wp-block-themeisle-blocks-accordion-item__title\"><div><strong>9 EGB<\/strong><\/div><\/summary><div class=\"wp-block-themeisle-blocks-accordion-item__content\">\n<div data-wp-interactive=\"core\/file\" class=\"wp-block-file aligncenter\"><object data-wp-bind--hidden=\"!state.hasPdfPreview\" hidden class=\"wp-block-file__embed\" data=\"https:\/\/santo.edu.ec\/wp-content\/uploads\/2025\/07\/9.-LISTA-DE-UTILES_9EGB.pdf\" type=\"application\/pdf\" style=\"width:100%;height:600px\" aria-label=\"Incrustado de 9.- LISTA DE U\u0301TILES_9EGB.\"><\/object><a id=\"wp-block-file--media-56a5a56c-8117-41bd-807d-2cf95a0c1c17\" href=\"https:\/\/santo.edu.ec\/wp-content\/uploads\/2025\/07\/9.-LISTA-DE-UTILES_9EGB.pdf\">9.- LISTA DE U\u0301TILES_9EGB<\/a><a href=\"https:\/\/santo.edu.ec\/wp-content\/uploads\/2025\/07\/9.-LISTA-DE-UTILES_9EGB.pdf\" class=\"wp-block-file__button wp-element-button\" download aria-describedby=\"wp-block-file--media-56a5a56c-8117-41bd-807d-2cf95a0c1c17\">Descarga<\/a><\/div>\n<\/div><\/details>\n\n\n\n<details class=\"wp-block-themeisle-blocks-accordion-item\"><summary class=\"wp-block-themeisle-blocks-accordion-item__title\"><div><strong>10 EGB<\/strong><\/div><\/summary><div class=\"wp-block-themeisle-blocks-accordion-item__content\">\n<div data-wp-interactive=\"core\/file\" class=\"wp-block-file aligncenter\"><object data-wp-bind--hidden=\"!state.hasPdfPreview\" hidden class=\"wp-block-file__embed\" data=\"https:\/\/santo.edu.ec\/wp-content\/uploads\/2025\/07\/10.-LISTA-DE-UTILES_10mosEGB.pdf\" type=\"application\/pdf\" style=\"width:100%;height:600px\" aria-label=\"Incrustado de 10.- LISTA DE \u00daTILES_10mosEGB.\"><\/object><a id=\"wp-block-file--media-3ec98067-9a1a-441b-b026-a0baae7b2815\" href=\"https:\/\/santo.edu.ec\/wp-content\/uploads\/2025\/07\/10.-LISTA-DE-UTILES_10mosEGB.pdf\">10.- LISTA DE \u00daTILES_10mosEGB<\/a><a href=\"https:\/\/santo.edu.ec\/wp-content\/uploads\/2025\/07\/10.-LISTA-DE-UTILES_10mosEGB.pdf\" class=\"wp-block-file__button wp-element-button\" download aria-describedby=\"wp-block-file--media-3ec98067-9a1a-441b-b026-a0baae7b2815\">Descarga<\/a><\/div>\n<\/div><\/details>\n\n\n\n<details class=\"wp-block-themeisle-blocks-accordion-item\"><summary class=\"wp-block-themeisle-blocks-accordion-item__title\"><div><strong>1 BGU<\/strong><\/div><\/summary><div class=\"wp-block-themeisle-blocks-accordion-item__content\">\n<div data-wp-interactive=\"core\/file\" class=\"wp-block-file aligncenter\"><object data-wp-bind--hidden=\"!state.hasPdfPreview\" hidden class=\"wp-block-file__embed\" data=\"https:\/\/santo.edu.ec\/wp-content\/uploads\/2025\/07\/11.-LISTA-DE-UTILES_1BGU-APROBADA.pdf\" type=\"application\/pdf\" style=\"width:100%;height:600px\" aria-label=\"Incrustado de 11.- LISTA DE U\u0301TILES_1BGU APROBADA.\"><\/object><a id=\"wp-block-file--media-107edc45-7aab-4099-9a5a-f2fda9c28adb\" href=\"https:\/\/santo.edu.ec\/wp-content\/uploads\/2025\/07\/11.-LISTA-DE-UTILES_1BGU-APROBADA.pdf\">11.- LISTA DE U\u0301TILES_1BGU APROBADA<\/a><a href=\"https:\/\/santo.edu.ec\/wp-content\/uploads\/2025\/07\/11.-LISTA-DE-UTILES_1BGU-APROBADA.pdf\" class=\"wp-block-file__button wp-element-button\" download aria-describedby=\"wp-block-file--media-107edc45-7aab-4099-9a5a-f2fda9c28adb\">Descarga<\/a><\/div>\n<\/div><\/details>\n\n\n\n<details class=\"wp-block-themeisle-blocks-accordion-item\"><summary class=\"wp-block-themeisle-blocks-accordion-item__title\"><div><strong>2 BGU<\/strong><\/div><\/summary><div class=\"wp-block-themeisle-blocks-accordion-item__content\">\n<div data-wp-interactive=\"core\/file\" class=\"wp-block-file aligncenter\"><object data-wp-bind--hidden=\"!state.hasPdfPreview\" hidden class=\"wp-block-file__embed\" data=\"https:\/\/santo.edu.ec\/wp-content\/uploads\/2025\/07\/12.-LISTA-DE-UTILES_2doBGU.pdf\" type=\"application\/pdf\" style=\"width:100%;height:600px\" aria-label=\"Incrustado de 12.- LISTA DE U\u0301TILES_2doBGU.\"><\/object><a id=\"wp-block-file--media-5b6612d9-ddad-44f5-a42f-53e798ad78a3\" href=\"https:\/\/santo.edu.ec\/wp-content\/uploads\/2025\/07\/12.-LISTA-DE-UTILES_2doBGU.pdf\">12.- LISTA DE U\u0301TILES_2doBGU<\/a><a href=\"https:\/\/santo.edu.ec\/wp-content\/uploads\/2025\/07\/12.-LISTA-DE-UTILES_2doBGU.pdf\" class=\"wp-block-file__button wp-element-button\" download aria-describedby=\"wp-block-file--media-5b6612d9-ddad-44f5-a42f-53e798ad78a3\">Descarga<\/a><\/div>\n<\/div><\/details>\n\n\n\n<details class=\"wp-block-themeisle-blocks-accordion-item\"><summary class=\"wp-block-themeisle-blocks-accordion-item__title\"><div><strong>3 BGU<\/strong><\/div><\/summary><div class=\"wp-block-themeisle-blocks-accordion-item__content\">\n<div data-wp-interactive=\"core\/file\" class=\"wp-block-file aligncenter\"><object data-wp-bind--hidden=\"!state.hasPdfPreview\" hidden class=\"wp-block-file__embed\" data=\"https:\/\/santo.edu.ec\/wp-content\/uploads\/2025\/07\/13.-LISTA-DE-UTILES_3ro-BGU.pdf\" type=\"application\/pdf\" style=\"width:100%;height:600px\" aria-label=\"Incrustado de 13.- LISTA DE \u00daTILES_3ro BGU.\"><\/object><a id=\"wp-block-file--media-b95140e9-a0fd-4cd1-b687-8c002402b570\" href=\"https:\/\/santo.edu.ec\/wp-content\/uploads\/2025\/07\/13.-LISTA-DE-UTILES_3ro-BGU.pdf\">13.- LISTA DE \u00daTILES_3ro BGU<\/a><a href=\"https:\/\/santo.edu.ec\/wp-content\/uploads\/2025\/07\/13.-LISTA-DE-UTILES_3ro-BGU.pdf\" class=\"wp-block-file__button wp-element-button\" download aria-describedby=\"wp-block-file--media-b95140e9-a0fd-4cd1-b687-8c002402b570\">Descarga<\/a><\/div>\n<\/div><\/details>\n<\/div>\n\n\n\n<p class=\"has-text-align-center has-medium-font-size\"><strong>COMPRA DE LIBROS<\/strong><\/p>\n\n\n\n<div data-wp-interactive=\"core\/file\" class=\"wp-block-file aligncenter\" id=\"compralibros\"><object data-wp-bind--hidden=\"!state.hasPdfPreview\" hidden class=\"wp-block-file__embed\" data=\"https:\/\/santo.edu.ec\/wp-content\/uploads\/2025\/08\/Compra-de-libros-UESDG-2025-2026.pdf\" type=\"application\/pdf\" style=\"width:100%;height:600px\" aria-label=\"Incrustado de Compra de libros UESDG 2025-2026.\"><\/object><a id=\"wp-block-file--media-f8b5c9c5-4aaa-453b-8031-436a97175dc9\" href=\"https:\/\/santo.edu.ec\/wp-content\/uploads\/2025\/08\/Compra-de-libros-UESDG-2025-2026.pdf\">Compra de libros UESDG 2025-2026<\/a><a href=\"https:\/\/santo.edu.ec\/wp-content\/uploads\/2025\/08\/Compra-de-libros-UESDG-2025-2026.pdf\" class=\"wp-block-file__button wp-element-button\" download aria-describedby=\"wp-block-file--media-f8b5c9c5-4aaa-453b-8031-436a97175dc9\">Descarga<\/a><\/div>\n\n\n\n<p class=\"has-text-align-center has-medium-font-size\"><strong>Instructivo de registro y activaci\u00f3n para IBEC Learning<\/strong><\/p>\n\n\n\n<p class=\"has-text-align-center\"><strong>DE 8EGB A 3BGU<\/strong><\/p>\n\n\n\n<div data-wp-interactive=\"core\/file\" class=\"wp-block-file aligncenter\" id=\"guiaregistro\"><object data-wp-bind--hidden=\"!state.hasPdfPreview\" hidden class=\"wp-block-file__embed\" data=\"https:\/\/santo.edu.ec\/wp-content\/uploads\/2025\/08\/IBEC-Latam-Guia-de-Registro-Unidad-Educativa-Santo-Domingo-de-Guzman-de-Ambato-2025-2026.pdf\" type=\"application\/pdf\" style=\"width:100%;height:600px\" aria-label=\"Incrustado de [IBEC Latam] Gu\u00eda de Registro - Unidad Educativa Santo Domingo de Guzm\u00e1n de Ambato-2025-2026.\"><\/object><a id=\"wp-block-file--media-ffbc9099-e43a-4fc8-97d6-c632ab9fc24b\" href=\"https:\/\/santo.edu.ec\/wp-content\/uploads\/2025\/08\/IBEC-Latam-Guia-de-Registro-Unidad-Educativa-Santo-Domingo-de-Guzman-de-Ambato-2025-2026.pdf\">[IBEC Latam] Gu\u00eda de Registro &#8211; Unidad Educativa Santo Domingo de Guzm\u00e1n de Ambato-2025-2026<\/a><a href=\"https:\/\/santo.edu.ec\/wp-content\/uploads\/2025\/08\/IBEC-Latam-Guia-de-Registro-Unidad-Educativa-Santo-Domingo-de-Guzman-de-Ambato-2025-2026.pdf\" class=\"wp-block-file__button wp-element-button\" download aria-describedby=\"wp-block-file--media-ffbc9099-e43a-4fc8-97d6-c632ab9fc24b\">Descarga<\/a><\/div>\n","protected":false},"excerpt":{"rendered":"<p>Lista de \u00fatiles para el A\u00f1o Lectivo 2025-2026 La recepci\u00f3n desde Inicial 2 a 7EGB&nbsp; se receptaran el s\u00e1bado 30 de agosto por parte de los docentes en las aulas respectivas, en horario&nbsp; de 08h30 a 12h30. Compra de libros, para mayor informaci\u00f3n clic aqu\u00ed. Para 8EGB a 3BGU: Instructivo [&hellip;]<\/p>\n","protected":false},"author":1,"featured_media":1303,"parent":0,"menu_order":0,"comment_status":"closed","ping_status":"closed","template":"","meta":{"_themeisle_gutenberg_block_has_review":false,"_joinchat":[],"footnotes":""},"class_list":["post-1288","page","type-page","status-publish","has-post-thumbnail","hentry"],"jetpack_sharing_enabled":true,"_links":{"self":[{"href":"https:\/\/santo.edu.ec\/index.php\/wp-json\/wp\/v2\/pages\/1288","targetHints":{"allow":["GET"]}}],"collection":[{"href":"https:\/\/santo.edu.ec\/index.php\/wp-json\/wp\/v2\/pages"}],"about":[{"href":"https:\/\/santo.edu.ec\/index.php\/wp-json\/wp\/v2\/types\/page"}],"author":[{"embeddable":true,"href":"https:\/\/santo.edu.ec\/index.php\/wp-json\/wp\/v2\/users\/1"}],"replies":[{"embeddable":true,"href":"https:\/\/santo.edu.ec\/index.php\/wp-json\/wp\/v2\/comments?post=1288"}],"version-history":[{"count":24,"href":"https:\/\/santo.edu.ec\/index.php\/wp-json\/wp\/v2\/pages\/1288\/revisions"}],"predecessor-version":[{"id":2277,"href":"https:\/\/santo.edu.ec\/index.php\/wp-json\/wp\/v2\/pages\/1288\/revisions\/2277"}],"wp:featuredmedia":[{"embeddable":true,"href":"https:\/\/santo.edu.ec\/index.php\/wp-json\/wp\/v2\/media\/1303"}],"wp:attachment":[{"href":"https:\/\/santo.edu.ec\/index.php\/wp-json\/wp\/v2\/media?parent=1288"}],"curies":[{"name":"wp","href":"https:\/\/api.w.org\/{rel}","templated":true}]}}