{"id":1238,"date":"2024-06-04T18:02:41","date_gmt":"2024-06-04T16:02:41","guid":{"rendered":"https:\/\/santo.edu.ec\/?page_id=1238"},"modified":"2025-06-27T07:05:02","modified_gmt":"2025-06-27T12:05:02","slug":"estudiantes-nuevos","status":"publish","type":"page","link":"https:\/\/santo.edu.ec\/index.php\/estudiantes-nuevos\/","title":{"rendered":"Estudiantes Nuevos"},"content":{"rendered":"\n<p class=\"has-text-align-center has-medium-font-size\"><strong>REQUISITOS PARA MATR\u00cdCULAS A\u00d1O ESCOLAR 2025-2026.<\/strong><\/p>\n\n\n\n<p class=\"has-text-align-center has-medium-font-size\"><strong>Matr\u00edculas del 14 al 18 de julio<\/strong><\/p>\n\n\n\n<div id=\"wp-block-themeisle-blocks-accordion-d06b826c\" class=\"wp-block-themeisle-blocks-accordion exclusive\">\n<details class=\"wp-block-themeisle-blocks-accordion-item\"><summary class=\"wp-block-themeisle-blocks-accordion-item__title\"><div><strong>NIVEL DE EDUCACI\u00d3N INICIAL 2.<\/strong><\/div><\/summary><div class=\"wp-block-themeisle-blocks-accordion-item__content\">\n<p>1.Copia a color de la c\u00e9dula o partida de nacimiento del estudiante.<br>2.Partida de Bautismo.<br>3.Copia a color de la c\u00e9dula de los Padres.<br>4.Copia a color del carn\u00e9 de vacunas (Completo).<br>5.Contrato de servicios y actas de compromiso institucionales firmadas por los representantes. <a href=\"https:\/\/santo.edu.ec\/wp-content\/uploads\/2025\/06\/1.-CONVICENCIA_ARMONICA_2025_2026_ES_NUEVOS.pdf\" target=\"_blank\" rel=\"noreferrer noopener\">(Click para descargar)<\/a><\/p>\n<\/div><\/details>\n\n\n\n<details class=\"wp-block-themeisle-blocks-accordion-item\"><summary class=\"wp-block-themeisle-blocks-accordion-item__title\"><div><strong>PRIMER GRADO DE EDUCACI\u00d3N GENERAL B\u00c1SICA (PREPARATORIA).<\/strong><\/div><\/summary><div class=\"wp-block-themeisle-blocks-accordion-item__content\">\n<ol class=\"wp-block-list\">\n<li>Copia a color de la c\u00e9dula o partida de nacimiento del estudiante.<\/li>\n\n\n\n<li>Partida de Bautismo.<\/li>\n\n\n\n<li>Copia a color de la c\u00e9dula de los Padres.<\/li>\n\n\n\n<li>Copia a color del carn\u00e9 de vacunas (Completo).<\/li>\n\n\n\n<li>Copia de Certificado de Inicial 2 (En caso de tenerlo).<\/li>\n\n\n\n<li>Contrato de servicios y actas de compromiso institucionales firmadas por los representantes.<a href=\"https:\/\/santo.edu.ec\/wp-content\/uploads\/2025\/06\/1.-CONVICENCIA_ARMONICA_2025_2026_ES_NUEVOS.pdf\" target=\"_blank\" rel=\"noreferrer noopener\">(Click para descargar)<\/a><\/li>\n<\/ol>\n<\/div><\/details>\n\n\n\n<details class=\"wp-block-themeisle-blocks-accordion-item\"><summary class=\"wp-block-themeisle-blocks-accordion-item__title\"><div><strong>SEGUNDO GRADO DE EDUCACI\u00d3N GENERAL B\u00c1SICA.<\/strong><\/div><\/summary><div class=\"wp-block-themeisle-blocks-accordion-item__content\">\n<ol class=\"wp-block-list\">\n<li>Copia a color de la c\u00e9dula o partida de nacimiento del estudiante.<\/li>\n\n\n\n<li>Partida de Bautismo.<\/li>\n\n\n\n<li>Copia a color de la c\u00e9dula de los Padres.<\/li>\n\n\n\n<li>Copia a color del carn\u00e9 de vacunas (Completo).<\/li>\n\n\n\n<li>Informe de Aprendizaje de Primer Grado.<\/li>\n\n\n\n<li>Certificado de Matr\u00edcula de Primer Grado.<\/li>\n\n\n\n<li>Contrato de servicios y actas de compromiso institucionales firmadas por los representantes<a href=\"https:\/\/santo.edu.ec\/wp-content\/uploads\/2025\/06\/1.-CONVICENCIA_ARMONICA_2025_2026_ES_NUEVOS.pdf\" target=\"_blank\" rel=\"noreferrer noopener\">(Click para descargar)<\/a><\/li>\n<\/ol>\n<\/div><\/details>\n\n\n\n<details class=\"wp-block-themeisle-blocks-accordion-item\"><summary class=\"wp-block-themeisle-blocks-accordion-item__title\"><div><strong>TERCER GRADO DE EDUCACI\u00d3N GENERAL B\u00c1SICA.<\/strong><\/div><\/summary><div class=\"wp-block-themeisle-blocks-accordion-item__content\">\n<ol class=\"wp-block-list\">\n<li>Copia a color de la c\u00e9dula o partida de nacimiento del estudiante.<\/li>\n\n\n\n<li>Partida de Bautismo.<\/li>\n\n\n\n<li>Copia a color de la c\u00e9dula de los Padres.<\/li>\n\n\n\n<li>Copia a color del carn\u00e9 de vacunas (Completo).<\/li>\n\n\n\n<li>Certificado de Matr\u00edcula de Primer y Segundo Grado.<\/li>\n\n\n\n<li>Certificado de Promoci\u00f3n de Segundo Grado.<strong>(Instituci\u00f3n de la que proviene)<\/strong>.<\/li>\n\n\n\n<li>Contrato de servicios y actas de compromiso institucionales firmadas por los representantes<a href=\"https:\/\/santo.edu.ec\/wp-content\/uploads\/2025\/06\/1.-CONVICENCIA_ARMONICA_2025_2026_ES_NUEVOS.pdf\" target=\"_blank\" rel=\"noreferrer noopener\">(Click para descargar)<\/a><\/li>\n<\/ol>\n<\/div><\/details>\n\n\n\n<details class=\"wp-block-themeisle-blocks-accordion-item\"><summary class=\"wp-block-themeisle-blocks-accordion-item__title\"><div><strong>CUARTO GRADO DE EDUCACI\u00d3N GENERAL B\u00c1SICA.<\/strong><\/div><\/summary><div class=\"wp-block-themeisle-blocks-accordion-item__content\">\n<ol class=\"wp-block-list\">\n<li>Copia a color de la c\u00e9dula o partida de nacimiento del estudiante.<\/li>\n\n\n\n<li>Partida de Bautismo.<\/li>\n\n\n\n<li>Copia a color de la c\u00e9dula de los Padres.<\/li>\n\n\n\n<li>Copia a color del carn\u00e9 de vacunas (Completo).<\/li>\n\n\n\n<li>Certificado de Matr\u00edcula de Primero, Segundo y Tercer Grado.<\/li>\n\n\n\n<li>Certificado de Promoci\u00f3n de Segundo y Tercer Grado. <strong>(Instituci\u00f3n de la que proviene)<\/strong>.<\/li>\n\n\n\n<li>\u00a0Contrato de servicios y actas de compromiso institucionales firmadas por los representantes. <a href=\"https:\/\/santo.edu.ec\/wp-content\/uploads\/2025\/06\/1.-CONVICENCIA_ARMONICA_2025_2026_ES_NUEVOS.pdf\" target=\"_blank\" rel=\"noreferrer noopener\">(Click para descargar)<\/a><\/li>\n<\/ol>\n<\/div><\/details>\n\n\n\n<details class=\"wp-block-themeisle-blocks-accordion-item\"><summary class=\"wp-block-themeisle-blocks-accordion-item__title\"><div><strong>QUINTO GRADO DE EDUCACI\u00d3N GENERAL B\u00c1SICA.<\/strong><\/div><\/summary><div class=\"wp-block-themeisle-blocks-accordion-item__content\">\n<ol class=\"wp-block-list\">\n<li>Copia a color de la c\u00e9dula o partida de nacimiento del estudiante.<\/li>\n\n\n\n<li>Partida de Bautismo.<\/li>\n\n\n\n<li>Copia a color de la c\u00e9dula de los Padres.<\/li>\n\n\n\n<li>Copia a color del carn\u00e9 de vacunas (Completo).<\/li>\n\n\n\n<li>Certificado de Matr\u00edcula de Primer, Segundo, Tercero y Cuarto Grado.<\/li>\n\n\n\n<li>Certificado de Promoci\u00f3n de Segundo, Tercero y Cuarto Grado. <strong>(Instituci\u00f3n de la que proviene)<\/strong>.<\/li>\n\n\n\n<li>Contrato de servicios y actas de compromiso institucionales firmadas por los representantes. <a href=\"https:\/\/santo.edu.ec\/wp-content\/uploads\/2025\/06\/1.-CONVICENCIA_ARMONICA_2025_2026_ES_NUEVOS.pdf\" target=\"_blank\" rel=\"noreferrer noopener\">(Click para descargar)<\/a><\/li>\n<\/ol>\n<\/div><\/details>\n\n\n\n<details class=\"wp-block-themeisle-blocks-accordion-item\"><summary class=\"wp-block-themeisle-blocks-accordion-item__title\"><div><strong>SEXTO GRADO DE EDUCACI\u00d3N GENERAL B\u00c1SICA.<\/strong><\/div><\/summary><div class=\"wp-block-themeisle-blocks-accordion-item__content\">\n<ol class=\"wp-block-list\">\n<li>Copia a color de la c\u00e9dula o partida de nacimiento del estudiante.<\/li>\n\n\n\n<li>Partida de Bautismo.<\/li>\n\n\n\n<li>Copia a color de la c\u00e9dula de los Padres.<\/li>\n\n\n\n<li>Copia a color del carn\u00e9 de vacunas (Completo).<\/li>\n\n\n\n<li>Certificado de Matr\u00edcula de Primer, Segundo, Tercero, Cuarto y Quinto Grado.<\/li>\n\n\n\n<li>Certificado de Promoci\u00f3n de Segundo, Tercero, Cuarto y Quinto Grado. <strong>(Instituci\u00f3n de la que proviene)<\/strong>.<\/li>\n\n\n\n<li>Contrato de servicios y actas de compromiso institucionales firmadas por los representantes. <a href=\"https:\/\/santo.edu.ec\/wp-content\/uploads\/2025\/06\/1.-CONVICENCIA_ARMONICA_2025_2026_ES_NUEVOS.pdf\" target=\"_blank\" rel=\"noreferrer noopener\">(Click para descargar)<\/a><\/li>\n<\/ol>\n<\/div><\/details>\n\n\n\n<details class=\"wp-block-themeisle-blocks-accordion-item\"><summary class=\"wp-block-themeisle-blocks-accordion-item__title\"><div><strong>S\u00c9PTIMO GRADO DE EDUCACI\u00d3N GENERAL B\u00c1SICA.<\/strong><\/div><\/summary><div class=\"wp-block-themeisle-blocks-accordion-item__content\">\n<ol class=\"wp-block-list\">\n<li>Copia a color de la c\u00e9dula o partida de nacimiento del estudiante.<\/li>\n\n\n\n<li>Partida de Bautismo.<\/li>\n\n\n\n<li>Copia a color de la c\u00e9dula de los Padres.<\/li>\n\n\n\n<li>Copia a color del carn\u00e9 de vacunas (Completo).<\/li>\n\n\n\n<li>Certificado de Matr\u00edcula de Primer, Segundo, Tercero, Cuarto, Quinto y Sexto.<\/li>\n\n\n\n<li>Certificado de Promoci\u00f3n de Segundo, Tercero, Cuarto, Quinto y Sexto. <strong>(Instituci\u00f3n de la que proviene)<\/strong>.<\/li>\n\n\n\n<li>Contrato de servicios y actas de compromiso institucionales firmadas por los representantes. <a href=\"https:\/\/santo.edu.ec\/wp-content\/uploads\/2025\/06\/1.-CONVICENCIA_ARMONICA_2025_2026_ES_NUEVOS.pdf\" target=\"_blank\" rel=\"noreferrer noopener\">(Click para descargar)<\/a><\/li>\n<\/ol>\n<\/div><\/details>\n\n\n\n<details class=\"wp-block-themeisle-blocks-accordion-item\"><summary class=\"wp-block-themeisle-blocks-accordion-item__title\"><div><strong>OCTAVO GRADO DE EDUCACI\u00d3N GENERAL B\u00c1SICA SUPERIOR.<\/strong><\/div><\/summary><div class=\"wp-block-themeisle-blocks-accordion-item__content\">\n<ol class=\"wp-block-list\">\n<li>Copia a color de la c\u00e9dula o partida de nacimiento del estudiante.<\/li>\n\n\n\n<li>Partida de Bautismo.<\/li>\n\n\n\n<li>Certificado de haber realizado la Primera Comuni\u00f3n.<\/li>\n\n\n\n<li>Copia a color de la c\u00e9dula de los Padres.<\/li>\n\n\n\n<li>Certificado de Matr\u00edcula de Segundo, Tercero, Cuarto, Quinto, Sexto y S\u00e9ptimo Grado de Educaci\u00f3n General B\u00e1sica. (Instituci\u00f3n de la que proviene).<\/li>\n\n\n\n<li>Certificado de Promoci\u00f3n de Segundo, Tercero, Cuarto, Quinto, Sexto y S\u00e9ptimo Grado. (Instituci\u00f3n de la que proviene).<\/li>\n\n\n\n<li>Contrato de servicios y actas de compromiso institucionales firmadas por los representantes <a href=\"https:\/\/santo.edu.ec\/wp-content\/uploads\/2025\/06\/1.-CONVICENCIA_ARMONICA_2025_2026_ES_NUEVOS.pdf\" target=\"_blank\" rel=\"noreferrer noopener\">(Click para descargar)<\/a><\/li>\n<\/ol>\n<\/div><\/details>\n\n\n\n<details class=\"wp-block-themeisle-blocks-accordion-item\"><summary class=\"wp-block-themeisle-blocks-accordion-item__title\"><div><strong>NOVENO GRADO DE EDUCACI\u00d3N GENERAL B\u00c1SICA SUPERIOR.<\/strong><\/div><\/summary><div class=\"wp-block-themeisle-blocks-accordion-item__content\">\n<ol class=\"wp-block-list\">\n<li>Copia a color de la c\u00e9dula o partida de nacimiento del estudiante.<\/li>\n\n\n\n<li>Partida de Bautismo.<\/li>\n\n\n\n<li>Certificado de haber realizado la Primera Comuni\u00f3n.<\/li>\n\n\n\n<li>Copia a color de la c\u00e9dula de los Padres.<\/li>\n\n\n\n<li>Certificado de Matr\u00edcula de Segundo, Tercero, Cuarto, Quinto, Sexto, S\u00e9ptimo y Octavo Grado de Educaci\u00f3n General B\u00e1sica<strong>. <\/strong><strong>(Instituci\u00f3n de la que proviene).<\/strong><\/li>\n\n\n\n<li>Certificado de Promoci\u00f3n de Segundo, Tercero, Cuarto, Quinto, Sexto, S\u00e9ptimo y Octavo Grado.<strong>(Instituci\u00f3n de la que proviene).<\/strong><\/li>\n\n\n\n<li>Contrato de servicios y actas de compromiso institucionales firmadas por los representantes <a href=\"https:\/\/santo.edu.ec\/wp-content\/uploads\/2025\/06\/1.-CONVICENCIA_ARMONICA_2025_2026_ES_NUEVOS.pdf\" target=\"_blank\" rel=\"noreferrer noopener\">(Click para descargar)<\/a><\/li>\n<\/ol>\n<\/div><\/details>\n\n\n\n<details class=\"wp-block-themeisle-blocks-accordion-item\"><summary class=\"wp-block-themeisle-blocks-accordion-item__title\"><div><strong>D\u00c9CIMO GRADO DE EDUCACI\u00d3N GENERAL B\u00c1SICA SUPERIOR.<\/strong><\/div><\/summary><div class=\"wp-block-themeisle-blocks-accordion-item__content\">\n<ol class=\"wp-block-list\">\n<li>Copia a color de la c\u00e9dula o partida de nacimiento del estudiante.<\/li>\n\n\n\n<li>Partida de Bautismo y certificado de haber realizado la Primera Comuni\u00f3n.<\/li>\n\n\n\n<li>Copia a color de la c\u00e9dula de los Padres.<\/li>\n\n\n\n<li>Certificado de Matr\u00edcula de Segundo, Tercero, Cuarto, Quinto, Sexto, S\u00e9ptimo, Octavo y Noveno Grado de Educaci\u00f3n General B\u00e1sica<strong>.(Instituci\u00f3n de la que proviene).<\/strong><\/li>\n\n\n\n<li>Certificado de Promoci\u00f3n de Segundo, Tercero, Cuarto, Quinto, Sexto, S\u00e9ptimo, Octavo y Noveno Grado.<strong>(Instituci\u00f3n de la que proviene).<\/strong><\/li>\n\n\n\n<li>Contrato de servicios y actas de compromiso institucionales firmadas por los representantes <a href=\"https:\/\/santo.edu.ec\/wp-content\/uploads\/2025\/06\/1.-CONVICENCIA_ARMONICA_2025_2026_ES_NUEVOS.pdf\" target=\"_blank\" rel=\"noreferrer noopener\">(Click para descargar)<\/a><\/li>\n<\/ol>\n<\/div><\/details>\n\n\n\n<details class=\"wp-block-themeisle-blocks-accordion-item\"><summary class=\"wp-block-themeisle-blocks-accordion-item__title\"><div><strong>PRIMER CURSO DE BACHILLERATO GENERAL UNIFICADO.<\/strong><\/div><\/summary><div class=\"wp-block-themeisle-blocks-accordion-item__content\">\n<ol class=\"wp-block-list\">\n<li>Copia a color de la c\u00e9dula o partida de nacimiento del estudiante.<\/li>\n\n\n\n<li>Copia a color de la c\u00e9dula de los Padres.<\/li>\n\n\n\n<li>Partida de Bautismo y certificado de Haber realizado la Confirmaci\u00f3n.<\/li>\n\n\n\n<li>Certificado de Matr\u00edcula de Segundo, Tercero, Cuarto, Quinto, Sexto, S\u00e9ptimo, Octavo, Noveno y D\u00e9cimo Grado de Educaci\u00f3n General B\u00e1sica<strong>.(Instituci\u00f3n de la que proviene).<\/strong><\/li>\n\n\n\n<li>Certificado de Promoci\u00f3n de Segundo, Tercero, Cuarto, Quinto, Sexto, S\u00e9ptimo, Octavo, Noveno y D\u00e9cimo Grado. <strong>(Instituci\u00f3n de la que proviene).<\/strong><\/li>\n\n\n\n<li>Contrato de servicios y actas de compromiso institucionales firmadas por los representantes.<a href=\"https:\/\/santo.edu.ec\/wp-content\/uploads\/2025\/06\/CONVICENCIA_ARMONICA_2025_2026_ES_NUEVOS.pdf\">(Click para descargar)<\/a><\/li>\n<\/ol>\n<\/div><\/details>\n\n\n\n<details class=\"wp-block-themeisle-blocks-accordion-item\"><summary class=\"wp-block-themeisle-blocks-accordion-item__title\"><div><strong>SEGUNDO CURSO DE BACHILLERATO GENERAL UNIFICADO.<\/strong><\/div><\/summary><div class=\"wp-block-themeisle-blocks-accordion-item__content\">\n<ol class=\"wp-block-list\">\n<li>Copia a color de la c\u00e9dula o partida de nacimiento del estudiante.<\/li>\n\n\n\n<li>Copia a color de la c\u00e9dula de los Padres.<\/li>\n\n\n\n<li>Partida de Bautismo y certificado de Haber realizado la Confirmaci\u00f3n.<\/li>\n\n\n\n<li>Certificado de Participaci\u00f3n Estudiantil PPE (calificaci\u00f3n y campo de acci\u00f3n)<\/li>\n\n\n\n<li>Certificado de Matr\u00edcula de Segundo, Tercero, Cuarto, Quinto, Sexto, S\u00e9ptimo, Octavo, Noveno, D\u00e9cimo y Primero BGU<strong>.(Instituci\u00f3n de la que proviene).<\/strong><\/li>\n\n\n\n<li>Certificado de Promoci\u00f3n de Segundo, Tercero, Cuarto, Quinto, Sexto, S\u00e9ptimo, Octavo, Noveno, D\u00e9cimo y Primero BGU Grado.<strong>(Instituci\u00f3n de la que proviene).<\/strong><\/li>\n\n\n\n<li>Contrato de servicios y actas de compromiso institucionales firmadas por los representantes <a href=\"https:\/\/santo.edu.ec\/wp-content\/uploads\/2025\/06\/CONVICENCIA_ARMONICA_2025_2026_ES_NUEVOS.pdf\" target=\"_blank\" rel=\"noreferrer noopener\">(Click para descargar)<\/a><\/li>\n<\/ol>\n<\/div><\/details>\n<\/div>\n\n\n\n<p><\/p>\n","protected":false},"excerpt":{"rendered":"<p>REQUISITOS PARA MATR\u00cdCULAS A\u00d1O ESCOLAR 2025-2026. Matr\u00edculas del 14 al 18 de julio<\/p>\n","protected":false},"author":1,"featured_media":1259,"parent":0,"menu_order":0,"comment_status":"closed","ping_status":"closed","template":"","meta":{"_themeisle_gutenberg_block_has_review":false,"_joinchat":[],"footnotes":""},"class_list":["post-1238","page","type-page","status-publish","has-post-thumbnail","hentry"],"jetpack_sharing_enabled":true,"_links":{"self":[{"href":"https:\/\/santo.edu.ec\/index.php\/wp-json\/wp\/v2\/pages\/1238","targetHints":{"allow":["GET"]}}],"collection":[{"href":"https:\/\/santo.edu.ec\/index.php\/wp-json\/wp\/v2\/pages"}],"about":[{"href":"https:\/\/santo.edu.ec\/index.php\/wp-json\/wp\/v2\/types\/page"}],"author":[{"embeddable":true,"href":"https:\/\/santo.edu.ec\/index.php\/wp-json\/wp\/v2\/users\/1"}],"replies":[{"embeddable":true,"href":"https:\/\/santo.edu.ec\/index.php\/wp-json\/wp\/v2\/comments?post=1238"}],"version-history":[{"count":15,"href":"https:\/\/santo.edu.ec\/index.php\/wp-json\/wp\/v2\/pages\/1238\/revisions"}],"predecessor-version":[{"id":2172,"href":"https:\/\/santo.edu.ec\/index.php\/wp-json\/wp\/v2\/pages\/1238\/revisions\/2172"}],"wp:featuredmedia":[{"embeddable":true,"href":"https:\/\/santo.edu.ec\/index.php\/wp-json\/wp\/v2\/media\/1259"}],"wp:attachment":[{"href":"https:\/\/santo.edu.ec\/index.php\/wp-json\/wp\/v2\/media?parent=1238"}],"curies":[{"name":"wp","href":"https:\/\/api.w.org\/{rel}","templated":true}]}}